{"id":110379,"date":"2021-09-24T13:04:59","date_gmt":"2021-09-24T13:04:59","guid":{"rendered":"https:\/\/afrafurniture.com\/connexion\/"},"modified":"2022-07-19T06:58:44","modified_gmt":"2022-07-19T06:58:44","slug":"connexion","status":"publish","type":"page","link":"https:\/\/afrafurniture.com\/fr\/connexion\/","title":{"rendered":"Connexion"},"content":{"rendered":"<div class=\"login-main\">\n<div class=\"container\">\n<div class=\"welcome-top-sec\">\n<h1><small>Bienvenue sur<\/small> mon site AFRA FURNITURE<\/h1>\n<p>Mon MOBILIER AFRA est une ressource personnalis\u00e9e exclusive de MOBILIER AFRA. Il offre un acc\u00e8s aux technologies, aux connaissances, aux personnes, aux \u00e9v\u00e9nements et aux opportunit\u00e9s d&#8217;apprentissage d&#8217;AFRA FURNITURE afin de cr\u00e9er un meilleur monde de travail pour vous.<\/p>\n<\/div>\n<div class=\"login-form\">\n<div class=\"um um-login um-110380\">\n\t<div class=\"um-form\">\n\t\t<form method=\"post\" action=\"\" autocomplete=\"off\">\n\t\t\t<div class=\"um-row _um_row_1 \" style=\"margin: 0 0 30px 0;\"><div class=\"um-col-1\"><div  id=\"um_field_110380_username\" class=\"um-field um-field-text  um-field-username um-field-text um-field-type_text\" data-key=\"username\"><div class=\"um-field-label\"><label for=\"username-110380\">Nom d&#039;utilisateur<\/label><div class=\"um-clear\"><\/div><\/div><div class=\"um-field-area\"><input  autocomplete=\"off\" class=\"um-form-field valid \" type=\"text\" name=\"username-110380\" id=\"username-110380\" value=\"\" placeholder=\"Nom d&#039;utilisateur\" data-validate=\"unique_username_or_email\" data-key=\"username\"  aria-invalid=\"false\" \/>\n\n\t\t\t\t\t\t<\/div><\/div><div  id=\"um_field_110380_user_password\" class=\"um-field um-field-password  um-field-user_password um-field-password um-field-type_password\" data-key=\"user_password\"><div class=\"um-field-label\"><label for=\"user_password-110380\">Mot de passe<\/label><div class=\"um-clear\"><\/div><\/div><div class=\"um-field-area\"><input class=\"um-form-field valid \" type=\"password\" name=\"user_password-110380\" id=\"user_password-110380\" value=\"\" placeholder=\"Mot de passe\" data-validate=\"\" data-key=\"user_password\"  aria-invalid=\"false\" \/>\n\n\t\t\t\t\t\t\t<\/div><\/div><\/div><\/div>\t<input type=\"hidden\" name=\"form_id\" id=\"form_id_110380\" value=\"110380\" \/>\n\t\t<p class=\"um_request_name\">\n\t\t<label for=\"um_request_110380\">Only fill in if you are not human<\/label>\n\t\t<input type=\"hidden\" name=\"um_request\" id=\"um_request_110380\" class=\"input\" value=\"\" size=\"25\" autocomplete=\"off\" \/>\n\t<\/p>\n\t<input type=\"hidden\" id=\"_wpnonce\" name=\"_wpnonce\" value=\"2159e762ed\" \/><input type=\"hidden\" name=\"_wp_http_referer\" value=\"\/fr\/wp-json\/wp\/v2\/pages\/110379\" \/>\n\t<div class=\"um-col-alt\">\n\n\t\t\n\t\t\t<div class=\"um-center\">\n\t\t\t\t<input type=\"submit\" value=\"S&#039;identifier\" class=\"um-button\" id=\"um-submit-btn\" \/>\n\t\t\t<\/div>\n\n\t\t\n\t\t<div class=\"um-clear\"><\/div>\n\n\t<\/div>\n\n\t\t\t<\/form>\n\t<\/div>\n<\/div>\n<style>\n\t\t\t.um-110380.um {\n\t\t\tmax-width: 450px;\n\t\t}\n\t\t<\/style>\n<\/p>\n<div class=\"login-form-text\">\nNom d&#8217;utilisateur ou mot de passe oubli\u00e9 ?  <a href=\"https:\/\/afrafurniture.com\/password-reset\/\">Obtenez de l&#8217;aide ici  <\/a><br \/>\nPour obtenir de l&#8217;aide, veuillez envoyer un courriel au service d&#8217;assistance d&#8217;AFRA FURNITURE \u00e0 l&#8217;adresse <a href=\"mailto:info@afrafurniture.com\">info@afrafurniture.com<\/a>.\n<\/div>\n<\/div>\n<section><a class=\"acc-btn\" href=\"https:\/\/afrafurniture.com\/registration\/\">Cr\u00e9er un compte<\/a><\/section>\n<\/div>\n<\/div>\n","protected":false},"excerpt":{"rendered":"<p>Bienvenue sur mon site AFRA FURNITURE Mon MOBILIER AFRA est une ressource personnalis\u00e9e exclusive de MOBILIER AFRA. Il offre un acc\u00e8s aux technologies, aux connaissances, aux personnes, aux \u00e9v\u00e9nements et aux opportunit\u00e9s d&#8217;apprentissage d&#8217;AFRA FURNITURE afin de cr\u00e9er un meilleur monde de travail pour vous. Nom d&#8217;utilisateur ou mot de passe oubli\u00e9 ? Obtenez de [&hellip;]<\/p>\n","protected":false},"author":1,"featured_media":0,"parent":0,"menu_order":0,"comment_status":"closed","ping_status":"closed","template":"","meta":{"_acf_changed":false,"footnotes":""},"class_list":["post-110379","page","type-page","status-publish","hentry"],"acf":[],"yoast_head":"<!-- This site is optimized with the Yoast SEO plugin v27.4 - https:\/\/yoast.com\/product\/yoast-seo-wordpress\/ -->\n<title>Connexion - Afra Furniture<\/title>\n<meta name=\"robots\" content=\"index, follow, max-snippet:-1, max-image-preview:large, max-video-preview:-1\" \/>\n<link rel=\"canonical\" href=\"https:\/\/afrafurniture.com\/fr\/connexion\/\" \/>\n<meta property=\"og:locale\" content=\"fr_FR\" \/>\n<meta property=\"og:type\" content=\"article\" \/>\n<meta property=\"og:title\" content=\"Connexion - Afra Furniture\" \/>\n<meta property=\"og:description\" content=\"Bienvenue sur mon site AFRA FURNITURE Mon MOBILIER AFRA est une ressource personnalis\u00e9e exclusive de MOBILIER AFRA. Il offre un acc\u00e8s aux technologies, aux connaissances, aux personnes, aux \u00e9v\u00e9nements et aux opportunit\u00e9s d&#8217;apprentissage d&#8217;AFRA FURNITURE afin de cr\u00e9er un meilleur monde de travail pour vous. Nom d&#8217;utilisateur ou mot de passe oubli\u00e9 ? Obtenez de [&hellip;]\" \/>\n<meta property=\"og:url\" content=\"https:\/\/afrafurniture.com\/fr\/connexion\/\" \/>\n<meta property=\"og:site_name\" content=\"Afra Furniture\" \/>\n<meta property=\"article:modified_time\" content=\"2022-07-19T06:58:44+00:00\" \/>\n<meta name=\"twitter:card\" content=\"summary_large_image\" \/>\n<script type=\"application\/ld+json\" class=\"yoast-schema-graph\">{\"@context\":\"https:\\\/\\\/schema.org\",\"@graph\":[{\"@type\":\"WebPage\",\"@id\":\"https:\\\/\\\/afrafurniture.com\\\/fr\\\/connexion\\\/\",\"url\":\"https:\\\/\\\/afrafurniture.com\\\/fr\\\/connexion\\\/\",\"name\":\"Connexion - Afra Furniture\",\"isPartOf\":{\"@id\":\"https:\\\/\\\/afrafurniture.com\\\/fr\\\/#website\"},\"datePublished\":\"2021-09-24T13:04:59+00:00\",\"dateModified\":\"2022-07-19T06:58:44+00:00\",\"breadcrumb\":{\"@id\":\"https:\\\/\\\/afrafurniture.com\\\/fr\\\/connexion\\\/#breadcrumb\"},\"inLanguage\":\"fr-FR\",\"potentialAction\":[{\"@type\":\"ReadAction\",\"target\":[\"https:\\\/\\\/afrafurniture.com\\\/fr\\\/connexion\\\/\"]}]},{\"@type\":\"BreadcrumbList\",\"@id\":\"https:\\\/\\\/afrafurniture.com\\\/fr\\\/connexion\\\/#breadcrumb\",\"itemListElement\":[{\"@type\":\"ListItem\",\"position\":1,\"name\":\"Home\",\"item\":\"https:\\\/\\\/afrafurniture.com\\\/fr\\\/page-daccueil-v2-5\\\/\"},{\"@type\":\"ListItem\",\"position\":2,\"name\":\"Connexion\"}]},{\"@type\":\"WebSite\",\"@id\":\"https:\\\/\\\/afrafurniture.com\\\/fr\\\/#website\",\"url\":\"https:\\\/\\\/afrafurniture.com\\\/fr\\\/\",\"name\":\"Afra Furniture\",\"description\":\"\",\"publisher\":{\"@id\":\"https:\\\/\\\/afrafurniture.com\\\/fr\\\/#organization\"},\"potentialAction\":[{\"@type\":\"SearchAction\",\"target\":{\"@type\":\"EntryPoint\",\"urlTemplate\":\"https:\\\/\\\/afrafurniture.com\\\/fr\\\/?s={search_term_string}\"},\"query-input\":{\"@type\":\"PropertyValueSpecification\",\"valueRequired\":true,\"valueName\":\"search_term_string\"}}],\"inLanguage\":\"fr-FR\"},{\"@type\":\"Organization\",\"@id\":\"https:\\\/\\\/afrafurniture.com\\\/fr\\\/#organization\",\"name\":\"https:\\\/\\\/afrafurniture.com\\\/\",\"url\":\"https:\\\/\\\/afrafurniture.com\\\/fr\\\/\",\"logo\":{\"@type\":\"ImageObject\",\"inLanguage\":\"fr-FR\",\"@id\":\"https:\\\/\\\/afrafurniture.com\\\/fr\\\/#\\\/schema\\\/logo\\\/image\\\/\",\"url\":\"https:\\\/\\\/afrafurniture.com\\\/wp-content\\\/uploads\\\/2025\\\/03\\\/afra_logo.webp\",\"contentUrl\":\"https:\\\/\\\/afrafurniture.com\\\/wp-content\\\/uploads\\\/2025\\\/03\\\/afra_logo.webp\",\"width\":209,\"height\":101,\"caption\":\"https:\\\/\\\/afrafurniture.com\\\/\"},\"image\":{\"@id\":\"https:\\\/\\\/afrafurniture.com\\\/fr\\\/#\\\/schema\\\/logo\\\/image\\\/\"}}]}<\/script>\n<!-- \/ Yoast SEO plugin. -->","yoast_head_json":{"title":"Connexion - Afra Furniture","robots":{"index":"index","follow":"follow","max-snippet":"max-snippet:-1","max-image-preview":"max-image-preview:large","max-video-preview":"max-video-preview:-1"},"canonical":"https:\/\/afrafurniture.com\/fr\/connexion\/","og_locale":"fr_FR","og_type":"article","og_title":"Connexion - Afra Furniture","og_description":"Bienvenue sur mon site AFRA FURNITURE Mon MOBILIER AFRA est une ressource personnalis\u00e9e exclusive de MOBILIER AFRA. Il offre un acc\u00e8s aux technologies, aux connaissances, aux personnes, aux \u00e9v\u00e9nements et aux opportunit\u00e9s d&#8217;apprentissage d&#8217;AFRA FURNITURE afin de cr\u00e9er un meilleur monde de travail pour vous. Nom d&#8217;utilisateur ou mot de passe oubli\u00e9 ? Obtenez de [&hellip;]","og_url":"https:\/\/afrafurniture.com\/fr\/connexion\/","og_site_name":"Afra Furniture","article_modified_time":"2022-07-19T06:58:44+00:00","twitter_card":"summary_large_image","schema":{"@context":"https:\/\/schema.org","@graph":[{"@type":"WebPage","@id":"https:\/\/afrafurniture.com\/fr\/connexion\/","url":"https:\/\/afrafurniture.com\/fr\/connexion\/","name":"Connexion - Afra Furniture","isPartOf":{"@id":"https:\/\/afrafurniture.com\/fr\/#website"},"datePublished":"2021-09-24T13:04:59+00:00","dateModified":"2022-07-19T06:58:44+00:00","breadcrumb":{"@id":"https:\/\/afrafurniture.com\/fr\/connexion\/#breadcrumb"},"inLanguage":"fr-FR","potentialAction":[{"@type":"ReadAction","target":["https:\/\/afrafurniture.com\/fr\/connexion\/"]}]},{"@type":"BreadcrumbList","@id":"https:\/\/afrafurniture.com\/fr\/connexion\/#breadcrumb","itemListElement":[{"@type":"ListItem","position":1,"name":"Home","item":"https:\/\/afrafurniture.com\/fr\/page-daccueil-v2-5\/"},{"@type":"ListItem","position":2,"name":"Connexion"}]},{"@type":"WebSite","@id":"https:\/\/afrafurniture.com\/fr\/#website","url":"https:\/\/afrafurniture.com\/fr\/","name":"Afra Furniture","description":"","publisher":{"@id":"https:\/\/afrafurniture.com\/fr\/#organization"},"potentialAction":[{"@type":"SearchAction","target":{"@type":"EntryPoint","urlTemplate":"https:\/\/afrafurniture.com\/fr\/?s={search_term_string}"},"query-input":{"@type":"PropertyValueSpecification","valueRequired":true,"valueName":"search_term_string"}}],"inLanguage":"fr-FR"},{"@type":"Organization","@id":"https:\/\/afrafurniture.com\/fr\/#organization","name":"https:\/\/afrafurniture.com\/","url":"https:\/\/afrafurniture.com\/fr\/","logo":{"@type":"ImageObject","inLanguage":"fr-FR","@id":"https:\/\/afrafurniture.com\/fr\/#\/schema\/logo\/image\/","url":"https:\/\/afrafurniture.com\/wp-content\/uploads\/2025\/03\/afra_logo.webp","contentUrl":"https:\/\/afrafurniture.com\/wp-content\/uploads\/2025\/03\/afra_logo.webp","width":209,"height":101,"caption":"https:\/\/afrafurniture.com\/"},"image":{"@id":"https:\/\/afrafurniture.com\/fr\/#\/schema\/logo\/image\/"}}]}},"_links":{"self":[{"href":"https:\/\/afrafurniture.com\/fr\/wp-json\/wp\/v2\/pages\/110379","targetHints":{"allow":["GET"]}}],"collection":[{"href":"https:\/\/afrafurniture.com\/fr\/wp-json\/wp\/v2\/pages"}],"about":[{"href":"https:\/\/afrafurniture.com\/fr\/wp-json\/wp\/v2\/types\/page"}],"author":[{"embeddable":true,"href":"https:\/\/afrafurniture.com\/fr\/wp-json\/wp\/v2\/users\/1"}],"replies":[{"embeddable":true,"href":"https:\/\/afrafurniture.com\/fr\/wp-json\/wp\/v2\/comments?post=110379"}],"version-history":[{"count":1,"href":"https:\/\/afrafurniture.com\/fr\/wp-json\/wp\/v2\/pages\/110379\/revisions"}],"predecessor-version":[{"id":110381,"href":"https:\/\/afrafurniture.com\/fr\/wp-json\/wp\/v2\/pages\/110379\/revisions\/110381"}],"wp:attachment":[{"href":"https:\/\/afrafurniture.com\/fr\/wp-json\/wp\/v2\/media?parent=110379"}],"curies":[{"name":"wp","href":"https:\/\/api.w.org\/{rel}","templated":true}]}}